{"id":73,"date":"2019-06-21T12:00:47","date_gmt":"2019-06-21T15:00:47","guid":{"rendered":"http:\/\/registroamelia.com.br\/?page_id=73"},"modified":"2021-08-31T16:42:31","modified_gmt":"2021-08-31T19:42:31","slug":"amelia-rodrigues","status":"publish","type":"page","link":"https:\/\/registroamelia.com.br\/?page_id=73","title":{"rendered":"Amelia Rodrigues"},"content":{"rendered":"\t\t<div data-elementor-type=\"wp-post\" data-elementor-id=\"73\" class=\"elementor elementor-73\">\n\t\t\t\t\t\t<div class=\"elementor-inner\">\n\t\t\t\t<div class=\"elementor-section-wrap\">\n\t\t\t\t\t\t\t\t\t<section class=\"elementor-section elementor-top-section elementor-element elementor-element-8c6f38b elementor-section-boxed elementor-section-height-default elementor-section-height-default\" data-id=\"8c6f38b\" data-element_type=\"section\" data-settings=\"{&quot;background_background&quot;:&quot;classic&quot;}\">\n\t\t\t\t\t\t<div class=\"elementor-container elementor-column-gap-default\">\n\t\t\t\t\t\t\t<div class=\"elementor-row\">\n\t\t\t\t\t<div class=\"elementor-column elementor-col-100 elementor-top-column elementor-element elementor-element-b725e48\" data-id=\"b725e48\" data-element_type=\"column\">\n\t\t\t<div class=\"elementor-column-wrap elementor-element-populated\">\n\t\t\t\t\t\t\t<div class=\"elementor-widget-wrap\">\n\t\t\t\t\t\t<div class=\"elementor-element elementor-element-39057a7 elementor-widget elementor-widget-spacer\" data-id=\"39057a7\" data-element_type=\"widget\" data-widget_type=\"spacer.default\">\n\t\t\t\t<div class=\"elementor-widget-container\">\n\t\t\t\t\t<div class=\"elementor-spacer\">\n\t\t\t<div class=\"elementor-spacer-inner\"><\/div>\n\t\t<\/div>\n\t\t\t\t<\/div>\n\t\t\t\t<\/div>\n\t\t\t\t\t\t<\/div>\n\t\t\t\t\t<\/div>\n\t\t<\/div>\n\t\t\t\t\t\t\t\t<\/div>\n\t\t\t\t\t<\/div>\n\t\t<\/section>\n\t\t\t\t<section class=\"elementor-section elementor-top-section elementor-element elementor-element-4ef0eec elementor-section-boxed elementor-section-height-default elementor-section-height-default\" data-id=\"4ef0eec\" data-element_type=\"section\">\n\t\t\t\t\t\t<div class=\"elementor-container elementor-column-gap-default\">\n\t\t\t\t\t\t\t<div class=\"elementor-row\">\n\t\t\t\t\t<div class=\"elementor-column elementor-col-100 elementor-top-column elementor-element elementor-element-b2b37f5\" data-id=\"b2b37f5\" data-element_type=\"column\">\n\t\t\t<div class=\"elementor-column-wrap elementor-element-populated\">\n\t\t\t\t\t\t\t<div class=\"elementor-widget-wrap\">\n\t\t\t\t\t\t<div class=\"elementor-element elementor-element-8c5114e elementor-widget elementor-widget-spacer\" data-id=\"8c5114e\" data-element_type=\"widget\" data-widget_type=\"spacer.default\">\n\t\t\t\t<div class=\"elementor-widget-container\">\n\t\t\t\t\t<div class=\"elementor-spacer\">\n\t\t\t<div class=\"elementor-spacer-inner\"><\/div>\n\t\t<\/div>\n\t\t\t\t<\/div>\n\t\t\t\t<\/div>\n\t\t\t\t<div class=\"elementor-element elementor-element-74c9c89 animated-slow elementor-invisible elementor-widget elementor-widget-image\" data-id=\"74c9c89\" data-element_type=\"widget\" data-settings=\"{&quot;_animation&quot;:&quot;bounceIn&quot;}\" data-widget_type=\"image.default\">\n\t\t\t\t<div class=\"elementor-widget-container\">\n\t\t\t\t\t\t\t\t<div class=\"elementor-image\">\n\t\t\t\t\t\t\t\t\t\t\t\t<img decoding=\"async\" width=\"300\" height=\"180\" src=\"https:\/\/registroamelia.com.br\/wp-content\/uploads\/2019\/06\/Bandeira-ameliarodrigues-300x180.png\" class=\"attachment-medium size-medium wp-image-79\" alt=\"\" loading=\"lazy\" srcset=\"https:\/\/registroamelia.com.br\/wp-content\/uploads\/2019\/06\/Bandeira-ameliarodrigues-300x180.png 300w, https:\/\/registroamelia.com.br\/wp-content\/uploads\/2019\/06\/Bandeira-ameliarodrigues.png 360w\" sizes=\"(max-width: 300px) 100vw, 300px\" \/>\t\t\t\t\t\t\t\t\t\t\t\t\t\t<\/div>\n\t\t\t\t\t\t<\/div>\n\t\t\t\t<\/div>\n\t\t\t\t<div class=\"elementor-element elementor-element-41b5d77 elementor-widget elementor-widget-heading\" data-id=\"41b5d77\" data-element_type=\"widget\" data-widget_type=\"heading.default\">\n\t\t\t\t<div class=\"elementor-widget-container\">\n\t\t\t<h2 class=\"elementor-heading-title elementor-size-default\">Am\u00e9lia Rodrigues<\/h2>\t\t<\/div>\n\t\t\t\t<\/div>\n\t\t\t\t<div class=\"elementor-element elementor-element-7cf7669 elementor-widget elementor-widget-text-editor\" data-id=\"7cf7669\" data-element_type=\"widget\" data-widget_type=\"text-editor.default\">\n\t\t\t\t<div class=\"elementor-widget-container\">\n\t\t\t\t\t\t\t\t<div class=\"elementor-text-editor elementor-clearfix\">\n\t\t\t\t<div><div><span style=\"color: #333300;\">Am\u00e9lia Rodrigues\u00a0\u00e9 um\u00a0<a style=\"color: #333300;\" title=\"Munic\u00edpio\" href=\"https:\/\/pt.wikipedia.org\/wiki\/Munic%C3%ADpio\" target=\"_blank\" rel=\"noopener\" data-saferedirecturl=\"https:\/\/www.google.com\/url?q=https:\/\/pt.wikipedia.org\/wiki\/Munic%25C3%25ADpio&amp;source=gmail&amp;ust=1562465273700000&amp;usg=AFQjCNE60MVdOyVBct25HUp9mH4mrr7ceA\">munic\u00edpio<\/a>\u00a0brasileiro do estado da\u00a0<a style=\"color: #333300;\" title=\"Bahia\" href=\"https:\/\/pt.wikipedia.org\/wiki\/Bahia\" target=\"_blank\" rel=\"noopener\" data-saferedirecturl=\"https:\/\/www.google.com\/url?q=https:\/\/pt.wikipedia.org\/wiki\/Bahia&amp;source=gmail&amp;ust=1562465273700000&amp;usg=AFQjCNEdu9b1igelQBhsc7UXZPuBdoxaMA\">Bahia<\/a>\u00a0criado em 1961 e desmembrado de\u00a0<a style=\"color: #333300;\" title=\"Santo Amaro (Bahia)\" href=\"https:\/\/pt.wikipedia.org\/wiki\/Santo_Amaro_(Bahia)\" target=\"_blank\" rel=\"noopener\" data-saferedirecturl=\"https:\/\/www.google.com\/url?q=https:\/\/pt.wikipedia.org\/wiki\/Santo_Amaro_(Bahia)&amp;source=gmail&amp;ust=1562465273700000&amp;usg=AFQjCNG5osCOJf5qS_JFC5ZgBzhIFAgT3w\">Santo Amaro<\/a>, localizado na\u00a0<a style=\"color: #333300;\" title=\"Regi\u00e3o Metropolitana de Feira de Santana\" href=\"https:\/\/pt.wikipedia.org\/wiki\/Regi%C3%A3o_Metropolitana_de_Feira_de_Santana\" target=\"_blank\" rel=\"noopener\" data-saferedirecturl=\"https:\/\/www.google.com\/url?q=https:\/\/pt.wikipedia.org\/wiki\/Regi%25C3%25A3o_Metropolitana_de_Feira_de_Santana&amp;source=gmail&amp;ust=1562465273700000&amp;usg=AFQjCNG2wjeUXcRwzsZ8CEWMyTX5jVe4mQ\">Regi\u00e3o Metropolitana de Feira de Santana<\/a>. Sua popula\u00e7\u00e3o estimada em 2018, segundo dados do IBGE, \u00e9 de 25\u00a0224. Seu territ\u00f3rio pertencia \u00e0 sesmaria dos irm\u00e3os Luiz Vaz e Manoel Nunes Paiva, doada em 1609 pelo Governador do Brasil, Dom\u00a0<a class=\"m_-7014792105397105198m_5920279010323907487gmail-mw-redirect\" style=\"color: #333300;\" title=\"Diogo de Menezes\" href=\"https:\/\/pt.wikipedia.org\/wiki\/Diogo_de_Menezes\" target=\"_blank\" rel=\"noopener\" data-saferedirecturl=\"https:\/\/www.google.com\/url?q=https:\/\/pt.wikipedia.org\/wiki\/Diogo_de_Menezes&amp;source=gmail&amp;ust=1562465273700000&amp;usg=AFQjCNGExKs3xabsnoc_F0LrXsD5yy_V8A\">Diogo de Menezes<\/a>. Transferida por testamento ao Mosteiro de S\u00e3o Bento da Cidade do\u00a0<a class=\"m_-7014792105397105198m_5920279010323907487gmail-mw-redirect\" style=\"color: #333300;\" title=\"Salvador (Bahia)\" href=\"https:\/\/pt.wikipedia.org\/wiki\/Salvador_(Bahia)\" target=\"_blank\" rel=\"noopener\" data-saferedirecturl=\"https:\/\/www.google.com\/url?q=https:\/\/pt.wikipedia.org\/wiki\/Salvador_(Bahia)&amp;source=gmail&amp;ust=1562465273700000&amp;usg=AFQjCNHqWPN8C4RQ0cGYRBx1x0gBgYN4gg\">Salvador<\/a>, em 1622, nela os beneditinos constru\u00edram o engenho &#8220;S\u00e3o Bento de Inhat\u00e1&#8221;, primeiro ponto povoado da regi\u00e3o.\u00a0<\/span><\/div><p><span style=\"color: #333300;\">Em 1702, no local da sede municipal, mais tarde denominado Maruc\u00e1, edificou-se a capela de Nossa Senhora da Lapa, formando-se o povoado &#8220;Lapa&#8221;, o qual desenvolveu-se em fun\u00e7\u00e3o da cultura da cana-de-a\u00e7\u00facar. O arraial passou \u00e0 sede de distrito em 1936, integrando o munic\u00edpio de Santo Amaro. Em 1944, teve seu nome mudado para Traripe e em 1961 para\u00a0Am\u00e9lia Rodrigues, em homenagem \u00e0 educadora e poetisa\u00a0<a style=\"color: #333300;\" title=\"Am\u00e9lia Rodrigues\" href=\"https:\/\/pt.wikipedia.org\/wiki\/Am%C3%A9lia_Rodrigues\" target=\"_blank\" rel=\"noopener\" data-saferedirecturl=\"https:\/\/www.google.com\/url?q=https:\/\/pt.wikipedia.org\/wiki\/Am%25C3%25A9lia_Rodrigues&amp;source=gmail&amp;ust=1562465273700000&amp;usg=AFQjCNGR5zh3NJkNSlf77x2AbGNfMCwqcQ\">Am\u00e9lia Rodrigues<\/a>, ali nascida.<\/span><\/p><div><span style=\"color: #333300;\">Distante a 84 quil\u00f4metros da Capital, Salvador, 24\u00a0km de Feira de Santana e 15\u00a0km do munic\u00edpio de Concei\u00e7\u00e3o do Jacu\u00edpe.<\/span><\/div><div>\u00a0<\/div><p><span style=\"color: #333300;\">Conhe\u00e7a os Indicadores da cidade de Am\u00e9lia Rodrigues, al\u00e9m do Mapa Oficial, com limites intermunicipais demarcados,\u00a0 ambos certificados pela Superintend\u00eancia de Estudos Econ\u00f4micos e Sociais da Bahia (SEI).<\/span><\/p><\/div>\t\t\t\t\t<\/div>\n\t\t\t\t\t\t<\/div>\n\t\t\t\t<\/div>\n\t\t\t\t\t\t<\/div>\n\t\t\t\t\t<\/div>\n\t\t<\/div>\n\t\t\t\t\t\t\t\t<\/div>\n\t\t\t\t\t<\/div>\n\t\t<\/section>\n\t\t\t\t<section class=\"elementor-section elementor-top-section elementor-element elementor-element-6c7282a elementor-section-boxed elementor-section-height-default elementor-section-height-default\" data-id=\"6c7282a\" data-element_type=\"section\">\n\t\t\t\t\t\t<div class=\"elementor-container elementor-column-gap-default\">\n\t\t\t\t\t\t\t<div class=\"elementor-row\">\n\t\t\t\t\t<div class=\"elementor-column elementor-col-100 elementor-top-column elementor-element elementor-element-ff71195\" data-id=\"ff71195\" data-element_type=\"column\">\n\t\t\t<div class=\"elementor-column-wrap elementor-element-populated\">\n\t\t\t\t\t\t\t<div class=\"elementor-widget-wrap\">\n\t\t\t\t\t\t<div class=\"elementor-element elementor-element-43c315a elementor-widget elementor-widget-image\" data-id=\"43c315a\" data-element_type=\"widget\" data-widget_type=\"image.default\">\n\t\t\t\t<div class=\"elementor-widget-container\">\n\t\t\t\t\t\t\t\t<div class=\"elementor-image\">\n\t\t\t\t\t\t\t\t\t\t\t\t<img decoding=\"async\" width=\"662\" height=\"1024\" src=\"https:\/\/registroamelia.com.br\/wp-content\/uploads\/2019\/07\/Indicadores-Municipais-SEI-1-662x1024.jpg\" class=\"attachment-large size-large wp-image-121\" alt=\"\" loading=\"lazy\" srcset=\"https:\/\/registroamelia.com.br\/wp-content\/uploads\/2019\/07\/Indicadores-Municipais-SEI-1-662x1024.jpg 662w, https:\/\/registroamelia.com.br\/wp-content\/uploads\/2019\/07\/Indicadores-Municipais-SEI-1-194x300.jpg 194w, https:\/\/registroamelia.com.br\/wp-content\/uploads\/2019\/07\/Indicadores-Municipais-SEI-1-768x1188.jpg 768w\" sizes=\"(max-width: 662px) 100vw, 662px\" \/>\t\t\t\t\t\t\t\t\t\t\t\t\t\t<\/div>\n\t\t\t\t\t\t<\/div>\n\t\t\t\t<\/div>\n\t\t\t\t\t\t<\/div>\n\t\t\t\t\t<\/div>\n\t\t<\/div>\n\t\t\t\t\t\t\t\t<\/div>\n\t\t\t\t\t<\/div>\n\t\t<\/section>\n\t\t\t\t<section class=\"elementor-section elementor-top-section elementor-element elementor-element-4a240aa elementor-section-boxed elementor-section-height-default elementor-section-height-default\" data-id=\"4a240aa\" data-element_type=\"section\">\n\t\t\t\t\t\t<div class=\"elementor-container elementor-column-gap-default\">\n\t\t\t\t\t\t\t<div class=\"elementor-row\">\n\t\t\t\t\t<div class=\"elementor-column elementor-col-100 elementor-top-column elementor-element elementor-element-df1dc0a\" data-id=\"df1dc0a\" data-element_type=\"column\">\n\t\t\t<div class=\"elementor-column-wrap elementor-element-populated\">\n\t\t\t\t\t\t\t<div class=\"elementor-widget-wrap\">\n\t\t\t\t\t\t<div class=\"elementor-element elementor-element-f96bfcd elementor-widget elementor-widget-image\" data-id=\"f96bfcd\" data-element_type=\"widget\" data-widget_type=\"image.default\">\n\t\t\t\t<div class=\"elementor-widget-container\">\n\t\t\t\t\t\t\t\t<div class=\"elementor-image\">\n\t\t\t\t\t\t\t\t\t\t\t\t<img decoding=\"async\" width=\"738\" height=\"1024\" src=\"https:\/\/registroamelia.com.br\/wp-content\/uploads\/2019\/07\/Indicadores-Municipais-SEI-2-738x1024.jpg\" class=\"attachment-large size-large wp-image-122\" alt=\"\" loading=\"lazy\" srcset=\"https:\/\/registroamelia.com.br\/wp-content\/uploads\/2019\/07\/Indicadores-Municipais-SEI-2-738x1024.jpg 738w, https:\/\/registroamelia.com.br\/wp-content\/uploads\/2019\/07\/Indicadores-Municipais-SEI-2-216x300.jpg 216w, https:\/\/registroamelia.com.br\/wp-content\/uploads\/2019\/07\/Indicadores-Municipais-SEI-2-768x1066.jpg 768w\" sizes=\"(max-width: 738px) 100vw, 738px\" \/>\t\t\t\t\t\t\t\t\t\t\t\t\t\t<\/div>\n\t\t\t\t\t\t<\/div>\n\t\t\t\t<\/div>\n\t\t\t\t\t\t<\/div>\n\t\t\t\t\t<\/div>\n\t\t<\/div>\n\t\t\t\t\t\t\t\t<\/div>\n\t\t\t\t\t<\/div>\n\t\t<\/section>\n\t\t\t\t<section class=\"elementor-section elementor-top-section elementor-element elementor-element-5c21848 elementor-section-boxed elementor-section-height-default elementor-section-height-default\" data-id=\"5c21848\" data-element_type=\"section\">\n\t\t\t\t\t\t<div class=\"elementor-container elementor-column-gap-default\">\n\t\t\t\t\t\t\t<div class=\"elementor-row\">\n\t\t\t\t\t<div class=\"elementor-column elementor-col-100 elementor-top-column elementor-element elementor-element-b28fb3b\" data-id=\"b28fb3b\" data-element_type=\"column\">\n\t\t\t<div class=\"elementor-column-wrap elementor-element-populated\">\n\t\t\t\t\t\t\t<div class=\"elementor-widget-wrap\">\n\t\t\t\t\t\t<div class=\"elementor-element elementor-element-b87850a elementor-widget elementor-widget-image\" data-id=\"b87850a\" data-element_type=\"widget\" data-widget_type=\"image.default\">\n\t\t\t\t<div class=\"elementor-widget-container\">\n\t\t\t\t\t\t\t\t<div class=\"elementor-image\">\n\t\t\t\t\t\t\t\t\t\t\t\t<img decoding=\"async\" width=\"800\" height=\"530\" src=\"https:\/\/registroamelia.com.br\/wp-content\/uploads\/2019\/07\/mapa_descritivo_2901106_1-1024x679.jpg\" class=\"attachment-large size-large wp-image-124\" alt=\"\" loading=\"lazy\" srcset=\"https:\/\/registroamelia.com.br\/wp-content\/uploads\/2019\/07\/mapa_descritivo_2901106_1-1024x679.jpg 1024w, https:\/\/registroamelia.com.br\/wp-content\/uploads\/2019\/07\/mapa_descritivo_2901106_1-300x199.jpg 300w, https:\/\/registroamelia.com.br\/wp-content\/uploads\/2019\/07\/mapa_descritivo_2901106_1-768x509.jpg 768w, https:\/\/registroamelia.com.br\/wp-content\/uploads\/2019\/07\/mapa_descritivo_2901106_1.jpg 2000w\" sizes=\"(max-width: 800px) 100vw, 800px\" \/>\t\t\t\t\t\t\t\t\t\t\t\t\t\t<\/div>\n\t\t\t\t\t\t<\/div>\n\t\t\t\t<\/div>\n\t\t\t\t\t\t<\/div>\n\t\t\t\t\t<\/div>\n\t\t<\/div>\n\t\t\t\t\t\t\t\t<\/div>\n\t\t\t\t\t<\/div>\n\t\t<\/section>\n\t\t\t\t<section class=\"elementor-section elementor-top-section elementor-element elementor-element-2e667ec elementor-section-boxed elementor-section-height-default elementor-section-height-default\" data-id=\"2e667ec\" data-element_type=\"section\" data-settings=\"{&quot;background_background&quot;:&quot;classic&quot;,&quot;shape_divider_top&quot;:&quot;opacity-fan&quot;}\">\n\t\t\t\t\t<div class=\"elementor-shape elementor-shape-top\" data-negative=\"false\">\n\t\t\t<svg xmlns=\"http:\/\/www.w3.org\/2000\/svg\" viewBox=\"0 0 283.5 19.6\" preserveAspectRatio=\"none\">\n\t<path class=\"elementor-shape-fill\" style=\"opacity:0.33\" d=\"M0 0L0 18.8 141.8 4.1 283.5 18.8 283.5 0z\"\/>\n\t<path class=\"elementor-shape-fill\" style=\"opacity:0.33\" d=\"M0 0L0 12.6 141.8 4 283.5 12.6 283.5 0z\"\/>\n\t<path class=\"elementor-shape-fill\" style=\"opacity:0.33\" d=\"M0 0L0 6.4 141.8 4 283.5 6.4 283.5 0z\"\/>\n\t<path class=\"elementor-shape-fill\" d=\"M0 0L0 1.2 141.8 4 283.5 1.2 283.5 0z\"\/>\n<\/svg>\t\t<\/div>\n\t\t\t\t\t<div class=\"elementor-container elementor-column-gap-default\">\n\t\t\t\t\t\t\t<div class=\"elementor-row\">\n\t\t\t\t\t<div class=\"elementor-column elementor-col-100 elementor-top-column elementor-element elementor-element-3cbae92\" data-id=\"3cbae92\" data-element_type=\"column\">\n\t\t\t<div class=\"elementor-column-wrap elementor-element-populated\">\n\t\t\t\t\t\t\t<div class=\"elementor-widget-wrap\">\n\t\t\t\t\t\t<div class=\"elementor-element elementor-element-447a0aa elementor-widget elementor-widget-spacer\" data-id=\"447a0aa\" data-element_type=\"widget\" data-widget_type=\"spacer.default\">\n\t\t\t\t<div class=\"elementor-widget-container\">\n\t\t\t\t\t<div class=\"elementor-spacer\">\n\t\t\t<div class=\"elementor-spacer-inner\"><\/div>\n\t\t<\/div>\n\t\t\t\t<\/div>\n\t\t\t\t<\/div>\n\t\t\t\t<div class=\"elementor-element elementor-element-ec0e1b9 elementor-widget elementor-widget-text-editor\" data-id=\"ec0e1b9\" data-element_type=\"widget\" data-widget_type=\"text-editor.default\">\n\t\t\t\t<div class=\"elementor-widget-container\">\n\t\t\t\t\t\t\t\t<div class=\"elementor-text-editor elementor-clearfix\">\n\t\t\t\t<div><span style=\"color: #0000ff;\">Rua Bernardino Amorim, n. 23, sala 1, Bloco C, Galeria Central, Centro, Am\u00e9lia Rodrigues, Bahia, CEP: 44.230-000<\/span><\/div><div><span style=\"color: #0000ff;\">(75) 3242 3891\u00a0 \/ 9 8853 8949<\/span><\/div>\t\t\t\t\t<\/div>\n\t\t\t\t\t\t<\/div>\n\t\t\t\t<\/div>\n\t\t\t\t<div class=\"elementor-element elementor-element-42d5019 elementor-align-center elementor-icon-list--layout-traditional elementor-list-item-link-full_width elementor-widget elementor-widget-icon-list\" data-id=\"42d5019\" data-element_type=\"widget\" data-widget_type=\"icon-list.default\">\n\t\t\t\t<div class=\"elementor-widget-container\">\n\t\t\t\t\t<ul class=\"elementor-icon-list-items\">\n\t\t\t\t\t\t\t<li class=\"elementor-icon-list-item\">\n\t\t\t\t\t\t\t\t\t\t\t<a href=\"https:\/\/registroamelia.com.br\/privacy-policy\/\" target=\"_blank\">\n\n\t\t\t\t\t\t\t\t\t\t\t\t<span class=\"elementor-icon-list-icon\">\n\t\t\t\t\t\t\t<i aria-hidden=\"true\" class=\"fas fa-mouse-pointer\"><\/i>\t\t\t\t\t\t<\/span>\n\t\t\t\t\t\t\t\t\t\t<span class=\"elementor-icon-list-text\">Politica de Privacidade<\/span>\n\t\t\t\t\t\t\t\t\t\t\t<\/a>\n\t\t\t\t\t\t\t\t\t<\/li>\n\t\t\t\t\t\t<\/ul>\n\t\t\t\t<\/div>\n\t\t\t\t<\/div>\n\t\t\t\t<div class=\"elementor-element elementor-element-91552e7 elementor-widget elementor-widget-spacer\" data-id=\"91552e7\" data-element_type=\"widget\" data-widget_type=\"spacer.default\">\n\t\t\t\t<div class=\"elementor-widget-container\">\n\t\t\t\t\t<div class=\"elementor-spacer\">\n\t\t\t<div class=\"elementor-spacer-inner\"><\/div>\n\t\t<\/div>\n\t\t\t\t<\/div>\n\t\t\t\t<\/div>\n\t\t\t\t\t\t<\/div>\n\t\t\t\t\t<\/div>\n\t\t<\/div>\n\t\t\t\t\t\t\t\t<\/div>\n\t\t\t\t\t<\/div>\n\t\t<\/section>\n\t\t\t\t\t\t\t\t\t<\/div>\n\t\t\t<\/div>\n\t\t\t\t\t<\/div>\n\t\t","protected":false},"excerpt":{"rendered":"<p>PRINCIPAL INSTITUCIONAL SERVI\u00c7OS EMOLUMENTOS AM\u00c9LIA RODRIGUES AGENDA 2030 CONTATO Am\u00e9lia Rodrigues Am\u00e9lia Rodrigues\u00a0\u00e9 um\u00a0munic\u00edpio\u00a0brasileiro do estado da\u00a0Bahia\u00a0criado em 1961 e desmembrado de\u00a0Santo Amaro, localizado na\u00a0Regi\u00e3o Metropolitana de Feira de Santana. Sua popula\u00e7\u00e3o estimada em 2018, segundo dados do IBGE, \u00e9 de 25\u00a0224. Seu territ\u00f3rio pertencia \u00e0 sesmaria dos irm\u00e3os Luiz Vaz e Manoel Nunes Paiva, [&hellip;]<\/p>\n","protected":false},"author":1,"featured_media":0,"parent":0,"menu_order":0,"comment_status":"closed","ping_status":"closed","template":"elementor_canvas","meta":[],"_links":{"self":[{"href":"https:\/\/registroamelia.com.br\/index.php?rest_route=\/wp\/v2\/pages\/73"}],"collection":[{"href":"https:\/\/registroamelia.com.br\/index.php?rest_route=\/wp\/v2\/pages"}],"about":[{"href":"https:\/\/registroamelia.com.br\/index.php?rest_route=\/wp\/v2\/types\/page"}],"author":[{"embeddable":true,"href":"https:\/\/registroamelia.com.br\/index.php?rest_route=\/wp\/v2\/users\/1"}],"replies":[{"embeddable":true,"href":"https:\/\/registroamelia.com.br\/index.php?rest_route=%2Fwp%2Fv2%2Fcomments&post=73"}],"version-history":[{"count":17,"href":"https:\/\/registroamelia.com.br\/index.php?rest_route=\/wp\/v2\/pages\/73\/revisions"}],"predecessor-version":[{"id":534,"href":"https:\/\/registroamelia.com.br\/index.php?rest_route=\/wp\/v2\/pages\/73\/revisions\/534"}],"wp:attachment":[{"href":"https:\/\/registroamelia.com.br\/index.php?rest_route=%2Fwp%2Fv2%2Fmedia&parent=73"}],"curies":[{"name":"wp","href":"https:\/\/api.w.org\/{rel}","templated":true}]}}